{"id":119,"date":"2010-10-30T18:18:23","date_gmt":"2010-10-30T18:18:23","guid":{"rendered":"https:\/\/groeninger-carnevalsverein.de\/"},"modified":"2026-01-06T11:32:35","modified_gmt":"2026-01-06T11:32:35","slug":"home-3","status":"publish","type":"page","link":"https:\/\/groeninger-carnevalsverein.de\/","title":{"rendered":""},"content":{"rendered":"<p style=\"text-align: center;\"><em><span style=\"color: #0000ff;\">Mitglied im<\/span><\/em><a title=\"KLV Sachsen Anhalt\" href=\"http:\/\/www.klv-sachsen-anhalt.de\" target=\"_blank\" rel=\"noopener\"> Karnevallandesverband Sachsen Anhalt<\/a> <span style=\"color: #000080;\"><em>und im<\/em><\/span> <a title=\"BDK\" href=\"http:\/\/www.karnevaldeutschland.de\" target=\"_blank\" rel=\"noopener\">Bund deutscher Karneval<\/a><\/p>\n<p style=\"text-align: center;\"><img loading=\"lazy\" decoding=\"async\" class=\"aligncenter size-full wp-image-1155\" src=\"https:\/\/groeninger-carnevalsverein.de\/wp-content\/uploads\/2026\/01\/Unbenannt.png\" alt=\"\" width=\"930\" height=\"638\" srcset=\"https:\/\/groeninger-carnevalsverein.de\/wp-content\/uploads\/2026\/01\/Unbenannt.png 930w, https:\/\/groeninger-carnevalsverein.de\/wp-content\/uploads\/2026\/01\/Unbenannt-300x206.png 300w, https:\/\/groeninger-carnevalsverein.de\/wp-content\/uploads\/2026\/01\/Unbenannt-768x527.png 768w\" sizes=\"auto, (max-width: 930px) 100vw, 930px\" \/><\/p>\n<div class=\"text_exposed_show\">\n<h1 style=\"text-align: center;\"><\/h1>\n<h1 style=\"text-align: center;\"><img loading=\"lazy\" decoding=\"async\" class=\"aligncenter size-large wp-image-1157\" src=\"https:\/\/groeninger-carnevalsverein.de\/wp-content\/uploads\/2026\/01\/Vereinsbild-1024x682.jpg\" alt=\"\" width=\"640\" height=\"426\" srcset=\"https:\/\/groeninger-carnevalsverein.de\/wp-content\/uploads\/2026\/01\/Vereinsbild-1024x682.jpg 1024w, https:\/\/groeninger-carnevalsverein.de\/wp-content\/uploads\/2026\/01\/Vereinsbild-300x200.jpg 300w, https:\/\/groeninger-carnevalsverein.de\/wp-content\/uploads\/2026\/01\/Vereinsbild-768x512.jpg 768w, https:\/\/groeninger-carnevalsverein.de\/wp-content\/uploads\/2026\/01\/Vereinsbild.jpg 1280w\" sizes=\"auto, (max-width: 640px) 100vw, 640px\" \/><\/h1>\n<p style=\"text-align: center;\"><img loading=\"lazy\" decoding=\"async\" class=\"aligncenter size-large wp-image-1158\" src=\"https:\/\/groeninger-carnevalsverein.de\/wp-content\/uploads\/2026\/01\/elferrat-1024x682.jpg\" alt=\"\" width=\"640\" height=\"426\" srcset=\"https:\/\/groeninger-carnevalsverein.de\/wp-content\/uploads\/2026\/01\/elferrat-1024x682.jpg 1024w, https:\/\/groeninger-carnevalsverein.de\/wp-content\/uploads\/2026\/01\/elferrat-300x200.jpg 300w, https:\/\/groeninger-carnevalsverein.de\/wp-content\/uploads\/2026\/01\/elferrat-768x511.jpg 768w, https:\/\/groeninger-carnevalsverein.de\/wp-content\/uploads\/2026\/01\/elferrat-1536x1022.jpg 1536w, https:\/\/groeninger-carnevalsverein.de\/wp-content\/uploads\/2026\/01\/elferrat.jpg 1600w\" sizes=\"auto, (max-width: 640px) 100vw, 640px\" \/><\/p>\n<p style=\"text-align: center;\"><img loading=\"lazy\" decoding=\"async\" class=\"aligncenter size-large wp-image-1160\" src=\"https:\/\/groeninger-carnevalsverein.de\/wp-content\/uploads\/2026\/01\/Garde1-1024x682.jpg\" alt=\"\" width=\"640\" height=\"426\" srcset=\"https:\/\/groeninger-carnevalsverein.de\/wp-content\/uploads\/2026\/01\/Garde1-1024x682.jpg 1024w, https:\/\/groeninger-carnevalsverein.de\/wp-content\/uploads\/2026\/01\/Garde1-300x200.jpg 300w, https:\/\/groeninger-carnevalsverein.de\/wp-content\/uploads\/2026\/01\/Garde1-768x511.jpg 768w, https:\/\/groeninger-carnevalsverein.de\/wp-content\/uploads\/2026\/01\/Garde1-1536x1022.jpg 1536w, https:\/\/groeninger-carnevalsverein.de\/wp-content\/uploads\/2026\/01\/Garde1.jpg 1600w\" sizes=\"auto, (max-width: 640px) 100vw, 640px\" \/><\/p>\n<h1 style=\"text-align: center;\"><img loading=\"lazy\" decoding=\"async\" class=\"aligncenter size-large wp-image-1161\" src=\"https:\/\/groeninger-carnevalsverein.de\/wp-content\/uploads\/2026\/01\/Garde2-1024x682.jpg\" alt=\"\" width=\"640\" height=\"426\" srcset=\"https:\/\/groeninger-carnevalsverein.de\/wp-content\/uploads\/2026\/01\/Garde2-1024x682.jpg 1024w, https:\/\/groeninger-carnevalsverein.de\/wp-content\/uploads\/2026\/01\/Garde2-300x200.jpg 300w, https:\/\/groeninger-carnevalsverein.de\/wp-content\/uploads\/2026\/01\/Garde2-768x511.jpg 768w, https:\/\/groeninger-carnevalsverein.de\/wp-content\/uploads\/2026\/01\/Garde2-1536x1022.jpg 1536w, https:\/\/groeninger-carnevalsverein.de\/wp-content\/uploads\/2026\/01\/Garde2.jpg 1600w\" sizes=\"auto, (max-width: 640px) 100vw, 640px\" \/><\/h1>\n<h1 style=\"text-align: center;\"><img loading=\"lazy\" decoding=\"async\" class=\"aligncenter size-large wp-image-1166\" src=\"https:\/\/groeninger-carnevalsverein.de\/wp-content\/uploads\/2026\/01\/sitzungspraesi-1024x682.jpg\" alt=\"\" width=\"640\" height=\"426\" srcset=\"https:\/\/groeninger-carnevalsverein.de\/wp-content\/uploads\/2026\/01\/sitzungspraesi-1024x682.jpg 1024w, https:\/\/groeninger-carnevalsverein.de\/wp-content\/uploads\/2026\/01\/sitzungspraesi-300x200.jpg 300w, https:\/\/groeninger-carnevalsverein.de\/wp-content\/uploads\/2026\/01\/sitzungspraesi-768x511.jpg 768w, https:\/\/groeninger-carnevalsverein.de\/wp-content\/uploads\/2026\/01\/sitzungspraesi-1536x1022.jpg 1536w, https:\/\/groeninger-carnevalsverein.de\/wp-content\/uploads\/2026\/01\/sitzungspraesi.jpg 1600w\" sizes=\"auto, (max-width: 640px) 100vw, 640px\" \/><\/h1>\n<p style=\"text-align: center;\"><img loading=\"lazy\" decoding=\"async\" class=\"aligncenter size-large wp-image-1162\" src=\"https:\/\/groeninger-carnevalsverein.de\/wp-content\/uploads\/2026\/01\/Kinder1-1024x682.jpg\" alt=\"\" width=\"640\" height=\"426\" srcset=\"https:\/\/groeninger-carnevalsverein.de\/wp-content\/uploads\/2026\/01\/Kinder1-1024x682.jpg 1024w, https:\/\/groeninger-carnevalsverein.de\/wp-content\/uploads\/2026\/01\/Kinder1-300x200.jpg 300w, https:\/\/groeninger-carnevalsverein.de\/wp-content\/uploads\/2026\/01\/Kinder1-768x511.jpg 768w, https:\/\/groeninger-carnevalsverein.de\/wp-content\/uploads\/2026\/01\/Kinder1-1536x1022.jpg 1536w, https:\/\/groeninger-carnevalsverein.de\/wp-content\/uploads\/2026\/01\/Kinder1.jpg 1600w\" sizes=\"auto, (max-width: 640px) 100vw, 640px\" \/><\/p>\n<p style=\"text-align: center;\"><img loading=\"lazy\" decoding=\"async\" class=\"aligncenter size-large wp-image-1163\" src=\"https:\/\/groeninger-carnevalsverein.de\/wp-content\/uploads\/2026\/01\/Kinder2-1024x682.jpg\" alt=\"\" width=\"640\" height=\"426\" srcset=\"https:\/\/groeninger-carnevalsverein.de\/wp-content\/uploads\/2026\/01\/Kinder2-1024x682.jpg 1024w, https:\/\/groeninger-carnevalsverein.de\/wp-content\/uploads\/2026\/01\/Kinder2-300x200.jpg 300w, https:\/\/groeninger-carnevalsverein.de\/wp-content\/uploads\/2026\/01\/Kinder2-768x511.jpg 768w, https:\/\/groeninger-carnevalsverein.de\/wp-content\/uploads\/2026\/01\/Kinder2-1536x1022.jpg 1536w, https:\/\/groeninger-carnevalsverein.de\/wp-content\/uploads\/2026\/01\/Kinder2.jpg 1600w\" sizes=\"auto, (max-width: 640px) 100vw, 640px\" \/><\/p>\n<p style=\"text-align: center;\"><img loading=\"lazy\" decoding=\"async\" class=\"aligncenter size-large wp-image-1168\" src=\"https:\/\/groeninger-carnevalsverein.de\/wp-content\/uploads\/2026\/01\/Twister-1024x682.jpg\" alt=\"\" width=\"640\" height=\"426\" srcset=\"https:\/\/groeninger-carnevalsverein.de\/wp-content\/uploads\/2026\/01\/Twister-1024x682.jpg 1024w, https:\/\/groeninger-carnevalsverein.de\/wp-content\/uploads\/2026\/01\/Twister-300x200.jpg 300w, https:\/\/groeninger-carnevalsverein.de\/wp-content\/uploads\/2026\/01\/Twister-768x511.jpg 768w, https:\/\/groeninger-carnevalsverein.de\/wp-content\/uploads\/2026\/01\/Twister-1536x1022.jpg 1536w, https:\/\/groeninger-carnevalsverein.de\/wp-content\/uploads\/2026\/01\/Twister.jpg 1600w\" sizes=\"auto, (max-width: 640px) 100vw, 640px\" \/><\/p>\n<p style=\"text-align: center;\"><img loading=\"lazy\" decoding=\"async\" class=\"aligncenter size-large wp-image-1164\" src=\"https:\/\/groeninger-carnevalsverein.de\/wp-content\/uploads\/2026\/01\/Maenner1-1024x682.jpg\" alt=\"\" width=\"640\" height=\"426\" srcset=\"https:\/\/groeninger-carnevalsverein.de\/wp-content\/uploads\/2026\/01\/Maenner1-1024x682.jpg 1024w, https:\/\/groeninger-carnevalsverein.de\/wp-content\/uploads\/2026\/01\/Maenner1-300x200.jpg 300w, https:\/\/groeninger-carnevalsverein.de\/wp-content\/uploads\/2026\/01\/Maenner1-768x511.jpg 768w, https:\/\/groeninger-carnevalsverein.de\/wp-content\/uploads\/2026\/01\/Maenner1-1536x1022.jpg 1536w, https:\/\/groeninger-carnevalsverein.de\/wp-content\/uploads\/2026\/01\/Maenner1.jpg 1600w\" sizes=\"auto, (max-width: 640px) 100vw, 640px\" \/><\/p>\n<p style=\"text-align: center;\"><img loading=\"lazy\" decoding=\"async\" class=\"aligncenter size-large wp-image-1165\" src=\"https:\/\/groeninger-carnevalsverein.de\/wp-content\/uploads\/2026\/01\/showtime-1024x682.jpg\" alt=\"\" width=\"640\" height=\"426\" srcset=\"https:\/\/groeninger-carnevalsverein.de\/wp-content\/uploads\/2026\/01\/showtime-1024x682.jpg 1024w, https:\/\/groeninger-carnevalsverein.de\/wp-content\/uploads\/2026\/01\/showtime-300x200.jpg 300w, https:\/\/groeninger-carnevalsverein.de\/wp-content\/uploads\/2026\/01\/showtime-768x511.jpg 768w, https:\/\/groeninger-carnevalsverein.de\/wp-content\/uploads\/2026\/01\/showtime-1536x1022.jpg 1536w, https:\/\/groeninger-carnevalsverein.de\/wp-content\/uploads\/2026\/01\/showtime.jpg 1600w\" sizes=\"auto, (max-width: 640px) 100vw, 640px\" \/><\/p>\n<p style=\"text-align: center;\"><img loading=\"lazy\" decoding=\"async\" class=\"aligncenter size-large wp-image-1167\" src=\"https:\/\/groeninger-carnevalsverein.de\/wp-content\/uploads\/2026\/01\/Tanzgirls-1024x682.jpg\" alt=\"\" width=\"640\" height=\"426\" srcset=\"https:\/\/groeninger-carnevalsverein.de\/wp-content\/uploads\/2026\/01\/Tanzgirls-1024x682.jpg 1024w, https:\/\/groeninger-carnevalsverein.de\/wp-content\/uploads\/2026\/01\/Tanzgirls-300x200.jpg 300w, https:\/\/groeninger-carnevalsverein.de\/wp-content\/uploads\/2026\/01\/Tanzgirls-768x511.jpg 768w, https:\/\/groeninger-carnevalsverein.de\/wp-content\/uploads\/2026\/01\/Tanzgirls-1536x1022.jpg 1536w, https:\/\/groeninger-carnevalsverein.de\/wp-content\/uploads\/2026\/01\/Tanzgirls.jpg 1600w\" sizes=\"auto, (max-width: 640px) 100vw, 640px\" \/><\/p>\n<p style=\"text-align: center;\"><img loading=\"lazy\" decoding=\"async\" class=\"aligncenter size-large wp-image-1159\" src=\"https:\/\/groeninger-carnevalsverein.de\/wp-content\/uploads\/2026\/01\/Enjoys-1024x682.jpg\" alt=\"\" width=\"640\" height=\"426\" srcset=\"https:\/\/groeninger-carnevalsverein.de\/wp-content\/uploads\/2026\/01\/Enjoys-1024x682.jpg 1024w, https:\/\/groeninger-carnevalsverein.de\/wp-content\/uploads\/2026\/01\/Enjoys-300x200.jpg 300w, https:\/\/groeninger-carnevalsverein.de\/wp-content\/uploads\/2026\/01\/Enjoys-768x511.jpg 768w, https:\/\/groeninger-carnevalsverein.de\/wp-content\/uploads\/2026\/01\/Enjoys-1536x1022.jpg 1536w, https:\/\/groeninger-carnevalsverein.de\/wp-content\/uploads\/2026\/01\/Enjoys.jpg 1600w\" sizes=\"auto, (max-width: 640px) 100vw, 640px\" \/><\/p>\n<h1 style=\"text-align: center;\">Liebe Besucher, diese Website befindet sich derzeit in Bearbeitung.<\/h1>\n<h1 style=\"text-align: center;\">Vielen Dank f\u00fcr euer Verst\u00e4ndnis.<\/h1>\n<h1 style=\"text-align: center;\">Es gr\u00fc\u00dft der GCV mit &#8222;Groninga Allah&#8220;<\/h1>\n<\/div>\n<h3 style=\"text-align: center;\"><\/h3>\n<p><span style=\"color: #ff0000;\">Ihnen gef\u00e4llt der <em><strong>GCV<\/strong><\/em> ? Sie m\u00f6chten den Gr\u00f6ninger Carnevalsverein unterst\u00fctzen ?<\/span><\/p>\n<p style=\"text-align: center;\"><span style=\"color: #000080;\">Bitte wenden sie sich an den<a href=\"https:\/\/groeninger-carnevalsverein.de\/vorstand\/\"> Vorstand<\/a> oder \u00dcberweisen sie direkt<\/span><\/p>\n<p style=\"text-align: center;\"><span style=\"color: #0000ff;\">Kreissparkasse-Boerde<\/span><\/p>\n<p style=\"text-align: center;\"><span style=\"color: #0000ff;\">IBAN: DE 62 8105 500 3045 0007 10<\/span><\/p>\n<p style=\"text-align: center;\"><span style=\"color: #0000ff;\">BIC: NOLADE21HDL<\/span><\/p>\n<p style=\"text-align: center;\"><span style=\"color: #008000;\">Spenden bitte vollst\u00e4ndige Firmierung oder Name nicht vergessen<\/span><\/p>\n<h2 style=\"text-align: center;\"><span style=\"color: #000080;\">\u00a0Eine Tradition ist entstanden,<\/span><\/h2>\n<p><span style=\"color: #000080;\">unter Dem Motto &#8222;Zwei Vereine ein Gedanke&#8220; , starteten im Nov 2018 wieder\u00a0 30 Kinder und Jugendliche und 7 Betreuer vom Gr\u00f6ninger Sch\u00fctzenverein und dem\u00a0\u00a0\u00a0\u00a0\u00a0\u00a0\u00a0\u00a0\u00a0\u00a0\u00a0\u00a0\u00a0\u00a0\u00a0\u00a0\u00a0 G<span class=\"text_exposed_show\"><span style=\"color: #000080;\">r\u00f6ninger Carnevals Verein zu einem Sportwochenende an die Landessportschule nach Osterburg.<\/span> <\/span><\/span><\/p>\n<p style=\"text-align: center;\"><img loading=\"lazy\" decoding=\"async\" class=\"aligncenter size-full wp-image-998\" src=\"https:\/\/groeninger-carnevalsverein.de\/wp-content\/uploads\/2010\/10\/osterburg.png\" alt=\"osterburg\" width=\"478\" height=\"322\" srcset=\"https:\/\/groeninger-carnevalsverein.de\/wp-content\/uploads\/2010\/10\/osterburg.png 478w, https:\/\/groeninger-carnevalsverein.de\/wp-content\/uploads\/2010\/10\/osterburg-300x202.png 300w\" sizes=\"auto, (max-width: 478px) 100vw, 478px\" \/><\/p>\n<p style=\"text-align: center;\"><span style=\"color: #000080;\"> U<span class=\"text_exposed_show\">nterst\u00fctzt wurden unsere Vereine von Andreas Pawel, Inhaber der Fahrschule Teach and Drive aus Halberstadt, der uns den Bus Kostenlos zur Verf\u00fcgung stellte<\/span><\/span><\/p>\n<p style=\"text-align: center;\"><span style=\"color: #000080;\">seit 2014 dank unseres Sponsoren Andy Harmuth wirbt der GCV auf Banner f\u00fcr seine Veranstalltungen<\/span><\/p>\n<p style=\"text-align: center;\"><span style=\"color: #008000;\"><span style=\"color: #ff6600;\"><img loading=\"lazy\" decoding=\"async\" class=\"aligncenter size-full wp-image-1038\" src=\"https:\/\/groeninger-carnevalsverein.de\/wp-content\/uploads\/2010\/10\/sponsor.png\" alt=\"sponsor\" width=\"987\" height=\"569\" srcset=\"https:\/\/groeninger-carnevalsverein.de\/wp-content\/uploads\/2010\/10\/sponsor.png 987w, https:\/\/groeninger-carnevalsverein.de\/wp-content\/uploads\/2010\/10\/sponsor-300x172.png 300w\" sizes=\"auto, (max-width: 987px) 100vw, 987px\" \/>\u00a0<\/span><\/span><\/p>\n<p><!-- BEGIN PARTNER PROGRAM - DO NOT CHANGE THE PARAMETERS OF THE HYPERLINK --><br \/>\n<script src=\"http:\/\/banners.webmasterplan.com\/view.asp?ref=747960&amp;js=1&amp;site=13068&amp;b=8&amp;target=_blank&amp;title=buttinette+Faschingsshop\" type=\"text\/javascript\"><\/script><noscript><a href=\"http:\/\/partners.webmasterplan.com\/click.asp?ref=747960&#038;site=13068&#038;type=b8&#038;bnb=8\" target=\"_blank\"><br \/>\n<img loading=\"lazy\" decoding=\"async\" src=\"http:\/\/banners.webmasterplan.com\/view.asp?ref=747960&#038;site=13068&#038;b=8\" border=\"0\" title=\"buttinette Faschingsshop\" alt=\"buttinette Faschingsshop\" width=\"468\" height=\"60\" \/><\/a><\/noscript><br \/>\n<!-- END PARTNER PROGRAM --><\/p>\n<address><span style=\"color: #ff0000;\">\u00a0<\/span><\/address>\n<address>\u00a0<\/address>\n<address><span style=\"color: #ff0000;\">\u00a0<\/span><\/address>\n<address>\u00a0<\/address>\n<address><span style=\"color: #ff0000;\">\u00a0<\/span><\/address>\n","protected":false},"excerpt":{"rendered":"<p>Mitglied im Karnevallandesverband Sachsen Anhalt und im Bund deutscher Karneval Liebe Besucher, diese Website befindet sich derzeit in Bearbeitung. Vielen Dank f\u00fcr euer Verst\u00e4ndnis. Es gr\u00fc\u00dft der GCV mit &#8222;Groninga Allah&#8220; Ihnen gef\u00e4llt der GCV ? Sie m\u00f6chten den Gr\u00f6ninger &hellip; <a href=\"https:\/\/groeninger-carnevalsverein.de\/\">Weiterlesen <span class=\"meta-nav\">&rarr;<\/span><\/a><\/p>\n","protected":false},"author":3,"featured_media":0,"parent":0,"menu_order":0,"comment_status":"closed","ping_status":"closed","template":"onecolumn-page.php","meta":{"footnotes":""},"class_list":["post-119","page","type-page","status-publish","hentry"],"_links":{"self":[{"href":"https:\/\/groeninger-carnevalsverein.de\/index.php?rest_route=\/wp\/v2\/pages\/119","targetHints":{"allow":["GET"]}}],"collection":[{"href":"https:\/\/groeninger-carnevalsverein.de\/index.php?rest_route=\/wp\/v2\/pages"}],"about":[{"href":"https:\/\/groeninger-carnevalsverein.de\/index.php?rest_route=\/wp\/v2\/types\/page"}],"author":[{"embeddable":true,"href":"https:\/\/groeninger-carnevalsverein.de\/index.php?rest_route=\/wp\/v2\/users\/3"}],"replies":[{"embeddable":true,"href":"https:\/\/groeninger-carnevalsverein.de\/index.php?rest_route=%2Fwp%2Fv2%2Fcomments&post=119"}],"version-history":[{"count":146,"href":"https:\/\/groeninger-carnevalsverein.de\/index.php?rest_route=\/wp\/v2\/pages\/119\/revisions"}],"predecessor-version":[{"id":1169,"href":"https:\/\/groeninger-carnevalsverein.de\/index.php?rest_route=\/wp\/v2\/pages\/119\/revisions\/1169"}],"wp:attachment":[{"href":"https:\/\/groeninger-carnevalsverein.de\/index.php?rest_route=%2Fwp%2Fv2%2Fmedia&parent=119"}],"curies":[{"name":"wp","href":"https:\/\/api.w.org\/{rel}","templated":true}]}}