{"id":180,"date":"2010-10-30T21:41:53","date_gmt":"2010-10-30T21:41:53","guid":{"rendered":"https:\/\/groeninger-carnevalsverein.de\/"},"modified":"2017-11-12T16:37:27","modified_gmt":"2017-11-12T16:37:27","slug":"butt","status":"publish","type":"page","link":"https:\/\/groeninger-carnevalsverein.de\/?page_id=180","title":{"rendered":"B\u00fctt"},"content":{"rendered":"<p><span style=\"color: #000080;\"><img loading=\"lazy\" decoding=\"async\" class=\"aligncenter size-full wp-image-1018\" src=\"https:\/\/groeninger-carnevalsverein.de\/wp-content\/uploads\/2010\/10\/IMG_5953.jpg\" alt=\"IMG_5953\" width=\"3456\" height=\"2304\" srcset=\"https:\/\/groeninger-carnevalsverein.de\/wp-content\/uploads\/2010\/10\/IMG_5953.jpg 3456w, https:\/\/groeninger-carnevalsverein.de\/wp-content\/uploads\/2010\/10\/IMG_5953-300x200.jpg 300w, https:\/\/groeninger-carnevalsverein.de\/wp-content\/uploads\/2010\/10\/IMG_5953-1024x682.jpg 1024w\" sizes=\"auto, (max-width: 3456px) 100vw, 3456px\" \/><img loading=\"lazy\" decoding=\"async\" class=\"aligncenter size-full wp-image-1020\" src=\"https:\/\/groeninger-carnevalsverein.de\/wp-content\/uploads\/2010\/10\/kurt.png\" alt=\"kurt\" width=\"279\" height=\"377\" srcset=\"https:\/\/groeninger-carnevalsverein.de\/wp-content\/uploads\/2010\/10\/kurt.png 279w, https:\/\/groeninger-carnevalsverein.de\/wp-content\/uploads\/2010\/10\/kurt-222x300.png 222w\" sizes=\"auto, (max-width: 279px) 100vw, 279px\" \/>B\u00fcttenreden sind das Salz in der Suppe&#8220;von Karnevalsprogrammen&#8220; <\/span><\/p>\n<p><span style=\"color: #000080;\">Wir sind froh,sie zu haben<\/span><\/p>\n<p><span style=\"color: #000080;\">flexibel waren wir schon immer oder wer erkennt unsere Steffanie Axmann<br \/>\n<\/span><\/p>\n<p><span style=\"color: #000080;\"><img loading=\"lazy\" decoding=\"async\" class=\"aligncenter size-full wp-image-592\" title=\"b\u00fctt\" src=\"https:\/\/groeninger-carnevalsverein.de\/wp-content\/uploads\/2010\/10\/b\u00fctt.jpg\" alt=\"\" width=\"814\" height=\"640\" srcset=\"https:\/\/groeninger-carnevalsverein.de\/wp-content\/uploads\/2010\/10\/b\u00fctt.jpg 814w, https:\/\/groeninger-carnevalsverein.de\/wp-content\/uploads\/2010\/10\/b\u00fctt-300x235.jpg 300w\" sizes=\"auto, (max-width: 814px) 100vw, 814px\" \/><br \/>\n<\/span><\/p>\n<p><span style=\"color: #000080;\">unseren neckischen Peter &#8222;Karl Heinz Gronenberg&#8220; ,seit den Gr\u00fcndertagen dabei<\/span><\/p>\n<p><span style=\"color: #000080;\"><img loading=\"lazy\" decoding=\"async\" class=\"aligncenter size-full wp-image-591\" title=\"peter\" src=\"https:\/\/groeninger-carnevalsverein.de\/wp-content\/uploads\/2010\/10\/peter.jpg\" alt=\"\" width=\"957\" height=\"721\" srcset=\"https:\/\/groeninger-carnevalsverein.de\/wp-content\/uploads\/2010\/10\/peter.jpg 957w, https:\/\/groeninger-carnevalsverein.de\/wp-content\/uploads\/2010\/10\/peter-300x226.jpg 300w\" sizes=\"auto, (max-width: 957px) 100vw, 957px\" \/><br \/>\n<\/span><\/p>\n<p style=\"text-align: center;\"><img loading=\"lazy\" decoding=\"async\" class=\"aligncenter size-full wp-image-58\" title=\"Peter\" src=\"https:\/\/groeninger-carnevalsverein.de\/wp-content\/uploads\/2010\/10\/Peter.jpg\" alt=\"\" width=\"598\" height=\"594\" srcset=\"https:\/\/groeninger-carnevalsverein.de\/wp-content\/uploads\/2010\/10\/Peter.jpg 598w, https:\/\/groeninger-carnevalsverein.de\/wp-content\/uploads\/2010\/10\/Peter-150x150.jpg 150w, https:\/\/groeninger-carnevalsverein.de\/wp-content\/uploads\/2010\/10\/Peter-300x297.jpg 300w\" sizes=\"auto, (max-width: 598px) 100vw, 598px\" \/><\/p>\n<p><span style=\"color: #000080;\"><br \/>\n<\/span><\/p>\n<p style=\"text-align: left;\"><span style=\"color: #000080;\">und unseren\u00a0 Christian der das gro\u00dfe Erbe des Gr\u00f6ninger Nachtw\u00e4chter \u00fcbernohmen hat.<\/span><\/p>\n<p style=\"text-align: center;\"><img loading=\"lazy\" decoding=\"async\" class=\"aligncenter size-full wp-image-424\" title=\"Karneval 2010073\" src=\"https:\/\/groeninger-carnevalsverein.de\/wp-content\/uploads\/2010\/10\/Karneval-2010073.jpg\" alt=\"\" width=\"3088\" height=\"2056\" srcset=\"https:\/\/groeninger-carnevalsverein.de\/wp-content\/uploads\/2010\/10\/Karneval-2010073.jpg 3088w, https:\/\/groeninger-carnevalsverein.de\/wp-content\/uploads\/2010\/10\/Karneval-2010073-300x199.jpg 300w, https:\/\/groeninger-carnevalsverein.de\/wp-content\/uploads\/2010\/10\/Karneval-2010073-1024x681.jpg 1024w\" sizes=\"auto, (max-width: 3088px) 100vw, 3088px\" \/><\/p>\n","protected":false},"excerpt":{"rendered":"<p>B\u00fcttenreden sind das Salz in der Suppe&#8220;von Karnevalsprogrammen&#8220; Wir sind froh,sie zu haben flexibel waren wir schon immer oder wer erkennt unsere Steffanie Axmann unseren neckischen Peter &#8222;Karl Heinz Gronenberg&#8220; ,seit den Gr\u00fcndertagen dabei und unseren\u00a0 Christian der das gro\u00dfe &hellip; <a href=\"https:\/\/groeninger-carnevalsverein.de\/?page_id=180\">Weiterlesen <span class=\"meta-nav\">&rarr;<\/span><\/a><\/p>\n","protected":false},"author":3,"featured_media":0,"parent":23,"menu_order":11,"comment_status":"closed","ping_status":"closed","template":"onecolumn-page.php","meta":{"footnotes":""},"class_list":["post-180","page","type-page","status-publish","hentry"],"_links":{"self":[{"href":"https:\/\/groeninger-carnevalsverein.de\/index.php?rest_route=\/wp\/v2\/pages\/180","targetHints":{"allow":["GET"]}}],"collection":[{"href":"https:\/\/groeninger-carnevalsverein.de\/index.php?rest_route=\/wp\/v2\/pages"}],"about":[{"href":"https:\/\/groeninger-carnevalsverein.de\/index.php?rest_route=\/wp\/v2\/types\/page"}],"author":[{"embeddable":true,"href":"https:\/\/groeninger-carnevalsverein.de\/index.php?rest_route=\/wp\/v2\/users\/3"}],"replies":[{"embeddable":true,"href":"https:\/\/groeninger-carnevalsverein.de\/index.php?rest_route=%2Fwp%2Fv2%2Fcomments&post=180"}],"version-history":[{"count":11,"href":"https:\/\/groeninger-carnevalsverein.de\/index.php?rest_route=\/wp\/v2\/pages\/180\/revisions"}],"predecessor-version":[{"id":1028,"href":"https:\/\/groeninger-carnevalsverein.de\/index.php?rest_route=\/wp\/v2\/pages\/180\/revisions\/1028"}],"up":[{"embeddable":true,"href":"https:\/\/groeninger-carnevalsverein.de\/index.php?rest_route=\/wp\/v2\/pages\/23"}],"wp:attachment":[{"href":"https:\/\/groeninger-carnevalsverein.de\/index.php?rest_route=%2Fwp%2Fv2%2Fmedia&parent=180"}],"curies":[{"name":"wp","href":"https:\/\/api.w.org\/{rel}","templated":true}]}}