{"id":259,"date":"2010-10-31T11:22:43","date_gmt":"2010-10-31T11:22:43","guid":{"rendered":"https:\/\/groeninger-carnevalsverein.de\/"},"modified":"2017-11-12T16:44:40","modified_gmt":"2017-11-12T16:44:40","slug":"boerdebengels","status":"publish","type":"page","link":"https:\/\/groeninger-carnevalsverein.de\/?page_id=259","title":{"rendered":"B\u00f6rdebengels"},"content":{"rendered":"<p>&nbsp;<\/p>\n<p><span style=\"color: #000080;\">Hulapalu<\/span><\/p>\n<p><span style=\"color: #000080;\"><img loading=\"lazy\" decoding=\"async\" class=\"aligncenter  wp-image-1021\" src=\"https:\/\/groeninger-carnevalsverein.de\/wp-content\/uploads\/2010\/10\/IMG_6037.jpg\" alt=\"IMG_6037\" width=\"591\" height=\"2128\" \/><\/span><\/p>\n<p><span style=\"color: #000080;\">Die Gruppe ist auf Initiative von Oskar &#8220; Steffen Diedrich&#8220; entstanden. Mit viel Motivation und Dank der Unterst\u00fctzung von Matthias Gro\u00dfheim sind im Laufe der Zeit echte Ohrw\u00fcrmer entstanden.<\/span><\/p>\n<p><span style=\"color: #000080;\">seit 2014\u00a0 zu viert unterwegs<\/span><\/p>\n<p><img loading=\"lazy\" decoding=\"async\" class=\"aligncenter wp-image-807 size-large\" src=\"https:\/\/groeninger-carnevalsverein.de\/wp-content\/uploads\/2010\/10\/IMG_3309-682x1024.jpg\" alt=\"IMG_3309\" width=\"640\" height=\"960\" srcset=\"https:\/\/groeninger-carnevalsverein.de\/wp-content\/uploads\/2010\/10\/IMG_3309-682x1024.jpg 682w, https:\/\/groeninger-carnevalsverein.de\/wp-content\/uploads\/2010\/10\/IMG_3309-200x300.jpg 200w\" sizes=\"auto, (max-width: 640px) 100vw, 640px\" \/><\/p>\n<p><span style=\"color: #000080;\">Lieder, die ein wenig umgetextet wurden, aber dennoch bekannt durch ihre Melodien sind. <\/span><\/p>\n<p><span style=\"color: #000080;\"><img loading=\"lazy\" decoding=\"async\" class=\"aligncenter size-full wp-image-624\" title=\"b\u00f6rdebengels2010\" src=\"https:\/\/groeninger-carnevalsverein.de\/wp-content\/uploads\/2010\/10\/b\u00f6rdebengels2010.jpg\" alt=\"\" width=\"434\" height=\"552\" srcset=\"https:\/\/groeninger-carnevalsverein.de\/wp-content\/uploads\/2010\/10\/b\u00f6rdebengels2010.jpg 434w, https:\/\/groeninger-carnevalsverein.de\/wp-content\/uploads\/2010\/10\/b\u00f6rdebengels2010-235x300.jpg 235w\" sizes=\"auto, (max-width: 434px) 100vw, 434px\" \/><br \/>\n<\/span><\/p>\n<p style=\"text-align: center;\"><span style=\"color: #000080;\">Sie fordern die Leute zum Mitsingen und Mitschunkeln auf. Wer kennt und singt es nicht in der Karnevalszeit&#8220; Viva ihr Gr\u00f6ninger&#8220;<\/span><\/p>\n<p style=\"text-align: center;\"><span style=\"color: #000080;\"><img loading=\"lazy\" decoding=\"async\" class=\"aligncenter size-medium wp-image-364\" title=\"bb1\" src=\"https:\/\/groeninger-carnevalsverein.de\/wp-content\/uploads\/2010\/10\/bb1-300x197.jpg\" alt=\"\" width=\"300\" height=\"197\" srcset=\"https:\/\/groeninger-carnevalsverein.de\/wp-content\/uploads\/2010\/10\/bb1-300x197.jpg 300w, https:\/\/groeninger-carnevalsverein.de\/wp-content\/uploads\/2010\/10\/bb1.jpg 691w\" sizes=\"auto, (max-width: 300px) 100vw, 300px\" \/><\/span><\/p>\n<p><span style=\"color: #000080;\">Im Laufe der Zeit haben die B\u00f6rdebengels sich\u00a0 zu einem waren Publikumsliebling gemausert. Leider hat der Gr\u00fcnder, der Gruppe, 2010 aus pers\u00f6nlichen Gr\u00fcnden seine aktive Zeit beendet.<\/span><\/p>\n<p style=\"text-align: center;\"><span style=\"color: #000080;\"><img loading=\"lazy\" decoding=\"async\" class=\"aligncenter size-medium wp-image-220\" title=\"100_4905\" src=\"https:\/\/groeninger-carnevalsverein.de\/wp-content\/uploads\/2010\/10\/100_4905-300x225.jpg\" alt=\"\" width=\"300\" height=\"225\" srcset=\"https:\/\/groeninger-carnevalsverein.de\/wp-content\/uploads\/2010\/10\/100_4905-300x225.jpg 300w, https:\/\/groeninger-carnevalsverein.de\/wp-content\/uploads\/2010\/10\/100_4905.jpg 800w\" sizes=\"auto, (max-width: 300px) 100vw, 300px\" \/>Aber nur zur Beruhigung , es wird weiter gehen!!!!!!!!!!!!!!! Wie man aus den Kreisen der Bengels h\u00f6rt, hat sich ein neuer Mitstreiter gefunden.<\/span><\/p>\n<p style=\"text-align: center;\"><span style=\"color: #000080;\"><img loading=\"lazy\" decoding=\"async\" class=\"aligncenter size-full wp-image-366\" title=\"bb 3\" src=\"https:\/\/groeninger-carnevalsverein.de\/wp-content\/uploads\/2010\/10\/bb-3.jpg\" alt=\"\" width=\"598\" height=\"400\" srcset=\"https:\/\/groeninger-carnevalsverein.de\/wp-content\/uploads\/2010\/10\/bb-3.jpg 598w, https:\/\/groeninger-carnevalsverein.de\/wp-content\/uploads\/2010\/10\/bb-3-300x200.jpg 300w\" sizes=\"auto, (max-width: 598px) 100vw, 598px\" \/>Musikalisch werden die Bengels von Clemes B\u00f6hm unterst\u00fctzt.<\/span><\/p>\n<p style=\"text-align: center;\"><span style=\"color: #000080;\">Das beste der letzten Saison:<\/span><\/p>\n<p style=\"text-align: center;\"><span style=\"color: #000080;\"><img loading=\"lazy\" decoding=\"async\" class=\"alignleft size-full wp-image-563\" title=\"bb kranken\" src=\"https:\/\/groeninger-carnevalsverein.de\/wp-content\/uploads\/2010\/10\/bb-kranken.jpg\" alt=\"\" width=\"646\" height=\"357\" srcset=\"https:\/\/groeninger-carnevalsverein.de\/wp-content\/uploads\/2010\/10\/bb-kranken.jpg 646w, https:\/\/groeninger-carnevalsverein.de\/wp-content\/uploads\/2010\/10\/bb-kranken-300x165.jpg 300w\" sizes=\"auto, (max-width: 646px) 100vw, 646px\" \/><br \/>\n<\/span><\/p>\n<p style=\"text-align: center;\"><span style=\"color: #000080;\"><a href=\"http:\/\/youtu.be\/EWRyS8-psis\">klick um das gesamte Video zu sehen<\/a><\/span><\/p>\n<p style=\"text-align: center;\"><span style=\"color: #000080;\"><img loading=\"lazy\" decoding=\"async\" class=\"alignleft size-full wp-image-564\" title=\"bb insel\" src=\"https:\/\/groeninger-carnevalsverein.de\/wp-content\/uploads\/2010\/10\/bb-insel.jpg\" alt=\"\" width=\"645\" height=\"356\" srcset=\"https:\/\/groeninger-carnevalsverein.de\/wp-content\/uploads\/2010\/10\/bb-insel.jpg 645w, https:\/\/groeninger-carnevalsverein.de\/wp-content\/uploads\/2010\/10\/bb-insel-300x165.jpg 300w\" sizes=\"auto, (max-width: 645px) 100vw, 645px\" \/><\/span><\/p>\n<p style=\"text-align: center;\"><span style=\"color: #000080;\"><a href=\"http:\/\/youtu.be\/gvHoEux7WBQ\">klick um das gesamte Video zu sehn<\/a><br \/>\n<\/span><\/p>\n","protected":false},"excerpt":{"rendered":"<p>&nbsp; Hulapalu Die Gruppe ist auf Initiative von Oskar &#8220; Steffen Diedrich&#8220; entstanden. Mit viel Motivation und Dank der Unterst\u00fctzung von Matthias Gro\u00dfheim sind im Laufe der Zeit echte Ohrw\u00fcrmer entstanden. seit 2014\u00a0 zu viert unterwegs Lieder, die ein wenig &hellip; <a href=\"https:\/\/groeninger-carnevalsverein.de\/?page_id=259\">Weiterlesen <span class=\"meta-nav\">&rarr;<\/span><\/a><\/p>\n","protected":false},"author":3,"featured_media":0,"parent":23,"menu_order":6,"comment_status":"closed","ping_status":"closed","template":"onecolumn-page.php","meta":{"footnotes":""},"class_list":["post-259","page","type-page","status-publish","hentry"],"_links":{"self":[{"href":"https:\/\/groeninger-carnevalsverein.de\/index.php?rest_route=\/wp\/v2\/pages\/259","targetHints":{"allow":["GET"]}}],"collection":[{"href":"https:\/\/groeninger-carnevalsverein.de\/index.php?rest_route=\/wp\/v2\/pages"}],"about":[{"href":"https:\/\/groeninger-carnevalsverein.de\/index.php?rest_route=\/wp\/v2\/types\/page"}],"author":[{"embeddable":true,"href":"https:\/\/groeninger-carnevalsverein.de\/index.php?rest_route=\/wp\/v2\/users\/3"}],"replies":[{"embeddable":true,"href":"https:\/\/groeninger-carnevalsverein.de\/index.php?rest_route=%2Fwp%2Fv2%2Fcomments&post=259"}],"version-history":[{"count":17,"href":"https:\/\/groeninger-carnevalsverein.de\/index.php?rest_route=\/wp\/v2\/pages\/259\/revisions"}],"predecessor-version":[{"id":1033,"href":"https:\/\/groeninger-carnevalsverein.de\/index.php?rest_route=\/wp\/v2\/pages\/259\/revisions\/1033"}],"up":[{"embeddable":true,"href":"https:\/\/groeninger-carnevalsverein.de\/index.php?rest_route=\/wp\/v2\/pages\/23"}],"wp:attachment":[{"href":"https:\/\/groeninger-carnevalsverein.de\/index.php?rest_route=%2Fwp%2Fv2%2Fmedia&parent=259"}],"curies":[{"name":"wp","href":"https:\/\/api.w.org\/{rel}","templated":true}]}}