{"id":283,"date":"2010-11-03T11:34:39","date_gmt":"2010-11-03T11:34:39","guid":{"rendered":"https:\/\/groeninger-carnevalsverein.de\/"},"modified":"2017-11-12T14:40:23","modified_gmt":"2017-11-12T14:40:23","slug":"vereinsleben","status":"publish","type":"page","link":"https:\/\/groeninger-carnevalsverein.de\/?page_id=283","title":{"rendered":"Vereinsleben"},"content":{"rendered":"<h1 style=\"text-align: center;\">\u00a0<span style=\"font-family: Comic Sans MS,cursive; color: #ff0000;\"><span style=\"font-size: large;\"><em>GCV <span style=\"color: #000080;\">Kids Unterwegs \u2013<\/span><\/em> <\/span><\/span><\/h1>\n<div class=\"text_exposed_show\">\n<h3 align=\"CENTER\"><span style=\"font-family: Comic Sans MS,cursive; color: #333399;\"><span style=\"font-size: large;\">Ein sportliches Wochenende in der Landessportschule Osterburg.<\/span><\/span><\/h3>\n<p align=\"CENTER\">\n<p><img loading=\"lazy\" decoding=\"async\" class=\"aligncenter size-full wp-image-1000\" src=\"https:\/\/groeninger-carnevalsverein.de\/wp-content\/uploads\/2010\/11\/oster1.png\" alt=\"oster1\" width=\"507\" height=\"303\" srcset=\"https:\/\/groeninger-carnevalsverein.de\/wp-content\/uploads\/2010\/11\/oster1.png 507w, https:\/\/groeninger-carnevalsverein.de\/wp-content\/uploads\/2010\/11\/oster1-300x179.png 300w\" sizes=\"auto, (max-width: 507px) 100vw, 507px\" \/><span style=\"font-family: Comic Sans MS,cursive; color: #000080;\">Am 27.10.2017 machten sich unsere Kinder des Gr\u00f6ninger Carnevalsvereins, zusammen mit ihren Trainern und den Kindern und Jugendlichen des Gr\u00f6ninger Sch\u00fctzenvereins auf, in ein tolles Wochenende mit viel Sport, Spa\u00df und guter Laune. Es ging f\u00fcr 3 Tage nach Osterburg, in die Landessportschule.<\/span><\/p>\n<p><span style=\"font-family: Comic Sans MS,cursive; color: #000080;\">Geplant war diese Fahrt schon im letzten Jahr und nach langer Anmeldephase, ist es in diesem Jahr endlich das erste mal gelungen, gemeinsam in dieses Sportwochenende zu Fahren.<\/span><\/p>\n<p><img loading=\"lazy\" decoding=\"async\" class=\"aligncenter size-full wp-image-1001\" src=\"https:\/\/groeninger-carnevalsverein.de\/wp-content\/uploads\/2010\/11\/oster2.png\" alt=\"oster2\" width=\"539\" height=\"353\" srcset=\"https:\/\/groeninger-carnevalsverein.de\/wp-content\/uploads\/2010\/11\/oster2.png 539w, https:\/\/groeninger-carnevalsverein.de\/wp-content\/uploads\/2010\/11\/oster2-300x196.png 300w\" sizes=\"auto, (max-width: 539px) 100vw, 539px\" \/><span style=\"font-family: Comic Sans MS,cursive; color: #000080;\">Die Fahrschule Teach and Drive, mit Herrn A. Pawel machte uns eine gro\u00dfe Freude und stellte uns kostenlos einen gro\u00dfen Bus zur Verf\u00fcgung. Das war super, so konnten wir alle gemeinsam in einem Bus fahren und hatten schon auf der Fahrt ganz viel Spa\u00df.<\/span><\/p>\n<p><span style=\"font-family: Comic Sans MS,cursive; color: #000080;\">In Osterburg angekommen, erwarteten uns ein reichhaltiges Abendessen und tolle Zimmer, die sofort in Beschlag genommen wurden. Als sportlichen Auftakt gab es eine Runde Ballspiele in der riesigen Turnhalle, bis alle v\u00f6llig erledigt in ihre Betten vielen.<\/span><\/p>\n<p><span style=\"font-family: Comic Sans MS,cursive;\"><span style=\"color: #000080;\">Der Samstag startete nach einem ordentlichen Fr\u00fchst\u00fcck mit einer Runde Tanztraining f\u00fcr die Tanzkids vom GCV, bzw. Bogen und Krafttraining f\u00fcr die Kinder und Jugendlichen vom Sch\u00fctzenverein.<\/span> <\/span><\/p>\n<\/div>\n<div class=\"text_exposed_show\"><img loading=\"lazy\" decoding=\"async\" class=\"aligncenter size-full wp-image-1002\" src=\"https:\/\/groeninger-carnevalsverein.de\/wp-content\/uploads\/2010\/11\/oster3.png\" alt=\"oster3\" width=\"650\" height=\"325\" srcset=\"https:\/\/groeninger-carnevalsverein.de\/wp-content\/uploads\/2010\/11\/oster3.png 650w, https:\/\/groeninger-carnevalsverein.de\/wp-content\/uploads\/2010\/11\/oster3-300x150.png 300w\" sizes=\"auto, (max-width: 650px) 100vw, 650px\" \/><\/div>\n<div class=\"text_exposed_show\"><\/div>\n<div class=\"text_exposed_show\">\n<p><span style=\"font-family: Comic Sans MS,cursive; color: #000080;\">Wir machten das Schwimmbad unsicher und stillten unseren B\u00e4renhunger bei einem reichhaltigen Mittagessen. Nach ein wenig Zeit zum Relaxen wurde noch die Gegend erkundet und es ging auf den Sportplatz. Es wurde gelaufen und gesprungen was die Muckis hergaben. Unser erkl\u00e4rtes Ziel: das Sportabzeichen.<\/span><\/p>\n<\/div>\n<div class=\"text_exposed_show\"><img loading=\"lazy\" decoding=\"async\" class=\"aligncenter size-full wp-image-1003\" src=\"https:\/\/groeninger-carnevalsverein.de\/wp-content\/uploads\/2010\/11\/oster4.png\" alt=\"oster4\" width=\"630\" height=\"209\" srcset=\"https:\/\/groeninger-carnevalsverein.de\/wp-content\/uploads\/2010\/11\/oster4.png 630w, https:\/\/groeninger-carnevalsverein.de\/wp-content\/uploads\/2010\/11\/oster4-300x99.png 300w\" sizes=\"auto, (max-width: 630px) 100vw, 630px\" \/><\/div>\n<div class=\"text_exposed_show\">\n<p><span style=\"font-family: Comic Sans MS,cursive; color: #000080;\">Auch wenn das Wetter nicht so wollte wie wir, uns der Wind um die Ohren wehte, wir hielten tapfer dagegen und gingen nach einem deftigen Abendessen noch einmal in die Turnhalle um auch die letzten Energiereserven aufzubrauchen.<\/span><\/p>\n<p><span style=\"font-family: Comic Sans MS,cursive; color: #000080;\">Nach einer st\u00fcrmischen Nacht, einem tollen Fr\u00fchst\u00fcck und etwas Training, ging es noch einmal zum Spielen und Entspannen ins Schwimmbad. Nach dem Mittagessen hie\u00df es dann&#8230;. Tsch\u00fcss Osterburg! Unser Bus brachte uns, trotz Sturm und Regen wieder sicher nach Hause, wo wir von den Eltern schon erwartet wurden.<\/span><\/p>\n<p><span style=\"font-family: Comic Sans MS,cursive; color: #000080;\">F\u00fcr ALLE steht fest, es war ein tolles Wochenende. Wir hatten viel Spa\u00df, einige auch einen ordentlichen Muskelkater und es waren sich alle einig&#8230;..DAS machen wir nochmal! Und Eines ist auch mal klar. Durch dieses Wochenende sind der Gr\u00f6ninger Carnevalsverein und der Gr\u00f6ninger Sch\u00fctzenverein ein ganzes St\u00fcck zusammenger\u00fcckt.<\/span><\/p>\n<p><span style=\"font-family: Comic Sans MS,cursive; color: #000080;\">Wir bedanken uns bei Herrn A. Pawel, f\u00fcr die M\u00f6glichkeit seinen Bus nutzen zu k\u00f6nnen, beim Gr\u00f6ninger Sch\u00fctzenverein, f\u00fcr die Vermittlung und Unterst\u00fctzung bei der Organisation und auch ein gro\u00dfes Dankesch\u00f6n an unseren Verein, der einen Gro\u00dfteil der Kosten \u00fcbernommen hat und uns so, diese tollen Tage erst erm\u00f6glicht hat.<\/span><\/p>\n<p><img loading=\"lazy\" decoding=\"async\" class=\"aligncenter size-full wp-image-1004\" src=\"https:\/\/groeninger-carnevalsverein.de\/wp-content\/uploads\/2010\/11\/oster5.png\" alt=\"oster5\" width=\"628\" height=\"428\" srcset=\"https:\/\/groeninger-carnevalsverein.de\/wp-content\/uploads\/2010\/11\/oster5.png 628w, https:\/\/groeninger-carnevalsverein.de\/wp-content\/uploads\/2010\/11\/oster5-300x204.png 300w\" sizes=\"auto, (max-width: 628px) 100vw, 628px\" \/><\/p>\n<p><span style=\"font-family: Comic Sans MS,cursive; color: #000080;\">Die Kinder des GCV und ihre Trainer<\/span><\/p>\n<p>&#8212;&#8212;&#8212;&#8212;&#8212;&#8212;&#8212;&#8212;&#8212;&#8212;&#8212;&#8212;&#8212;&#8212;&#8212;&#8212;&#8212;&#8212;&#8212;&#8212;&#8212;&#8212;&#8212;&#8212;&#8212;&#8212;&#8212;&#8212;&#8212;&#8212;&#8212;&#8212;&#8212;&#8212;&#8212;&#8212;&#8212;&#8212;&#8212;&#8212;&#8212;&#8212;-<\/p>\n<p><br style=\"color: #993300;\" \/><\/p>\n<div class=\"text_exposed_show\">\n<p><span style=\"color: #0000ff;\">\u00a0<\/span><\/p>\n<p><span style=\"color: #008000;\">Kurze Info!!!!!!!!!!!!!!!! Trainingszeiten in der Turnhalle<br \/>\n<\/span><\/p>\n<p><strong><span style=\"color: #ff0000;\">Die Zeiten gelten ab 13.02.2016 Ausnahme Kindertanzgruppen der Vereins<\/span><\/strong><\/p>\n<p><span style=\"color: #ff0000;\">Mittwoch<\/span><br \/>\n<span style=\"color: #0000ff;\">18.00-20.00 Uhr Tanzgirls<\/span><\/p>\n<div class=\"text_exposed_show\">\n<p><span style=\"color: #ff0000;\">Donnerstag<\/span><br \/>\n<span style=\"color: #0000ff;\">18.30-20.00 Uhr Hupfdohlen<\/span><br \/>\n<span style=\"color: #0000ff;\"> 20.00-22.00 Uhr Showtime<\/span><\/p>\n<p><span style=\"color: #0000ff;\">Sonnabend <\/span><br \/>\n<span style=\"color: #0000ff;\">10.00-11.00 Uhr Konfettis<\/span><br \/>\n<span style=\"color: #0000ff;\"> 11.00- 12.00 Uhr Jugendgarde GCV<br \/>\n<\/span><\/p>\n<p><span style=\"color: #ff0000;\">Sonntag<\/span><br \/>\n<span style=\"color: #0000ff;\">10.00-11.00 Uhr Bewegungswunder<\/span><br \/>\n<span style=\"color: #0000ff;\"> 13.00-14.00 Uhr Tanzgirls<\/span><br \/>\n<span style=\"color: #0000ff;\"> 14.00-17.00 Uhr Garde \/ Enjoys<\/span><br \/>\n<span style=\"color: #0000ff;\"> 17.00- 20.00 Uhr M\u00e4nnerbalett<\/span><\/p>\n<h2><span style=\"color: #ff0000;\">Termine<\/span><\/h2>\n<p>&nbsp;<\/p>\n<\/div>\n<\/div>\n<\/div>\n<p>&#8212;&#8212;&#8212;&#8212;&#8212;&#8212;&#8212;&#8212;&#8212;&#8212;&#8212;&#8212;&#8212;&#8212;&#8212;&#8212;&#8212;&#8212;&#8212;&#8212;&#8212;&#8212;&#8212;&#8212;&#8212;&#8212;&#8212;&#8212;&#8212;&#8212;&#8212;&#8212;&#8212;&#8212;&#8212;&#8212;&#8212;&#8212;&#8212;&#8212;&#8212;&#8212;&#8212;&#8212;&#8212;&#8212;&#8212;&#8212;&#8212;<\/p>\n<ol>\n<li style=\"text-align: center;\"><span style=\"color: #000080;\">Ausserhalb der Saison sind die Mitglieder des GCV oft sportlich\u00a0 und spassig unterwegs<\/span><\/li>\n<\/ol>\n<p style=\"text-align: center;\"><span style=\"color: #000080;\">zum Dritten mal in Folge 2016 St\u00e4rkster Verein beim Nachweinachtsschiessen des Gr\u00f6ninger Sch\u00fctzenverein. Nur weiter so<\/span><\/p>\n<p style=\"text-align: center;\"><img decoding=\"async\" class=\"ph-a-mc-img\" src=\"http:\/\/www.volksstimme.de\/storyimage\/MA\/20160107\/ARTIKEL\/160109294\/AR\/0\/AR-160109294.jpg&amp;MaxW=505&amp;ImageVersion=default&amp;NCS_modified=20160107060116\" alt=\"Kerstin Liesecke hat den Sonderpreis-Sekt f\u00fcr die Gr\u00f6ninger Karnevalisten von Vorstand Torsten Dattko entgegengenommen.Foto: privat\" \/><\/p>\n<p style=\"text-align: center;\"><span style=\"color: #000080;\">Kerstin Liesecke hat den Sonderpreis-Sekt f\u00fcr die Gr\u00f6ninger Karnevalisten von Vorstand Torsten Dattko entgegengenommen.Foto: privat<\/span><\/p>\n<ol>\n<li style=\"text-align: left;\"><span style=\"color: #000080;\">Am 04.01.2014 lud uns der Gr\u00f6ninger Sch\u00fctzenverein zum allj\u00e4hrlichen Nachweinachtsschiessen ein. Das tolle ist, jeder bekommt hier seinen Preis egal wie gut\u00a0 geschossen wird. P\u00fcnktlich fanden sich unsere Mitglieder ein, um den GCV w\u00fcrdig zu vertreten. In diesem Jahr waren wir der am st\u00e4rksten vertretende Verein aus der Verwaltungsgemeinde. Dieses wurde mit einer Flasche Sekt pr\u00e4miert. Die unter gro\u00dfem Beifall \u00fcbergeben wurde.<\/span><\/li>\n<li style=\"text-align: center;\"><img loading=\"lazy\" decoding=\"async\" class=\"aligncenter size-full wp-image-838\" src=\"https:\/\/groeninger-carnevalsverein.de\/wp-content\/uploads\/2010\/11\/GCV-2014-1.jpg\" alt=\"GCV 2014 (1)\" width=\"818\" height=\"555\" srcset=\"https:\/\/groeninger-carnevalsverein.de\/wp-content\/uploads\/2010\/11\/GCV-2014-1.jpg 818w, https:\/\/groeninger-carnevalsverein.de\/wp-content\/uploads\/2010\/11\/GCV-2014-1-300x203.jpg 300w\" sizes=\"auto, (max-width: 818px) 100vw, 818px\" \/><\/li>\n<li style=\"text-align: center;\"><span style=\"color: #000080;\">unser Schussergebniss ist sicherlich noch leicht verbesserungsbed\u00fcrftig<\/span><\/li>\n<li style=\"text-align: center;\"><span style=\"color: #000080;\"><img loading=\"lazy\" decoding=\"async\" class=\"aligncenter size-full wp-image-836\" src=\"https:\/\/groeninger-carnevalsverein.de\/wp-content\/uploads\/2010\/11\/sch\u00fctzen3.jpg\" alt=\"sch\u00fctzen3\" width=\"858\" height=\"127\" srcset=\"https:\/\/groeninger-carnevalsverein.de\/wp-content\/uploads\/2010\/11\/sch\u00fctzen3.jpg 858w, https:\/\/groeninger-carnevalsverein.de\/wp-content\/uploads\/2010\/11\/sch\u00fctzen3-300x44.jpg 300w\" sizes=\"auto, (max-width: 858px) 100vw, 858px\" \/><br \/>\n<\/span><\/li>\n<\/ol>\n","protected":false},"excerpt":{"rendered":"<p>\u00a0GCV Kids Unterwegs \u2013 Ein sportliches Wochenende in der Landessportschule Osterburg. Am 27.10.2017 machten sich unsere Kinder des Gr\u00f6ninger Carnevalsvereins, zusammen mit ihren Trainern und den Kindern und Jugendlichen des Gr\u00f6ninger Sch\u00fctzenvereins auf, in ein tolles Wochenende mit viel Sport, &hellip; <a href=\"https:\/\/groeninger-carnevalsverein.de\/?page_id=283\">Weiterlesen <span class=\"meta-nav\">&rarr;<\/span><\/a><\/p>\n","protected":false},"author":3,"featured_media":0,"parent":0,"menu_order":9,"comment_status":"closed","ping_status":"closed","template":"onecolumn-page.php","meta":{"footnotes":""},"class_list":["post-283","page","type-page","status-publish","hentry"],"_links":{"self":[{"href":"https:\/\/groeninger-carnevalsverein.de\/index.php?rest_route=\/wp\/v2\/pages\/283","targetHints":{"allow":["GET"]}}],"collection":[{"href":"https:\/\/groeninger-carnevalsverein.de\/index.php?rest_route=\/wp\/v2\/pages"}],"about":[{"href":"https:\/\/groeninger-carnevalsverein.de\/index.php?rest_route=\/wp\/v2\/types\/page"}],"author":[{"embeddable":true,"href":"https:\/\/groeninger-carnevalsverein.de\/index.php?rest_route=\/wp\/v2\/users\/3"}],"replies":[{"embeddable":true,"href":"https:\/\/groeninger-carnevalsverein.de\/index.php?rest_route=%2Fwp%2Fv2%2Fcomments&post=283"}],"version-history":[{"count":33,"href":"https:\/\/groeninger-carnevalsverein.de\/index.php?rest_route=\/wp\/v2\/pages\/283\/revisions"}],"predecessor-version":[{"id":1005,"href":"https:\/\/groeninger-carnevalsverein.de\/index.php?rest_route=\/wp\/v2\/pages\/283\/revisions\/1005"}],"wp:attachment":[{"href":"https:\/\/groeninger-carnevalsverein.de\/index.php?rest_route=%2Fwp%2Fv2%2Fmedia&parent=283"}],"curies":[{"name":"wp","href":"https:\/\/api.w.org\/{rel}","templated":true}]}}