{"id":604,"date":"2012-12-25T09:37:13","date_gmt":"2012-12-25T09:37:13","guid":{"rendered":"https:\/\/groeninger-carnevalsverein.de\/"},"modified":"2017-11-12T16:51:13","modified_gmt":"2017-11-12T16:51:13","slug":"kinder-karneval","status":"publish","type":"page","link":"https:\/\/groeninger-carnevalsverein.de\/?page_id=604","title":{"rendered":"Kinder-Karneval"},"content":{"rendered":"<h1 style=\"text-align: center;\"><\/h1>\n<h1 style=\"text-align: center;\"><span style=\"color: #ff0000;\"><span style=\"color: #008080;\">K<\/span>i<span style=\"color: #ffff00;\">n<\/span><span style=\"color: #0000ff;\">d<\/span>e<span style=\"color: #993300;\">r<\/span><span style=\"color: #008080;\">k<\/span><span style=\"color: #993366;\">a<\/span><span style=\"color: #339966;\">r<\/span>n<span style=\"color: #800000;\">e<\/span><span style=\"color: #ff9900;\">v<\/span>a<span style=\"color: #ff00ff;\">l i<\/span><span style=\"color: #99cc00;\">m<\/span> <span style=\"color: #33cccc;\">K<\/span><span style=\"color: #0000ff;\">u<\/span><span style=\"color: #993300;\">l<\/span><span style=\"color: #ffff00;\">t<\/span>u<span style=\"color: #ff00ff;\">r<\/span>h<span style=\"color: #808000;\">a<span style=\"color: #0000ff;\">u<span style=\"color: #ff6600;\">s<\/span><\/span><\/span><\/span><\/h1>\n<p style=\"margin-bottom: 0cm; text-align: center;\"><span style=\"color: #000080;\">Der Gr\u00f6ninger Carnevalsverein (GCV) plant f\u00fcr den 14.01.2018 einen z\u00fcnftigen und bunten Kinderkarneval.<\/span><\/p>\n<p style=\"margin-bottom: 0cm; text-align: center;\"><span style=\"color: #000080;\">Durch das Programm f\u00fchren, Linda Ertmer, Anne Kathrin M\u00f6hring und Birgit Schellhas. In Ihren bunten Kost\u00fcmen bringen sie den Saal, bei Mitmacht\u00e4nzen und Gesang zum Brodeln .<\/span><\/p>\n<p style=\"margin-bottom: 0cm;\"><span style=\"color: #000080;\">Mit dabei sind die Kindertagesst\u00e4tten aus Gr\u00f6ningen und Krottorf, die Grundschulen Gr\u00f6ningen und Kroppenstedt und die Kindertanzgruppen der befreundeten Karnevalsvereine aus Ampfurth und Deersheim. Anbei Impressionen aus den letzten Jahren.<\/span><\/p>\n<p style=\"margin-bottom: 0cm;\"><img loading=\"lazy\" decoding=\"async\" class=\"aligncenter size-full wp-image-1034\" src=\"https:\/\/groeninger-carnevalsverein.de\/wp-content\/uploads\/2012\/12\/birgit.png\" alt=\"birgit\" width=\"463\" height=\"783\" srcset=\"https:\/\/groeninger-carnevalsverein.de\/wp-content\/uploads\/2012\/12\/birgit.png 463w, https:\/\/groeninger-carnevalsverein.de\/wp-content\/uploads\/2012\/12\/birgit-177x300.png 177w\" sizes=\"auto, (max-width: 463px) 100vw, 463px\" \/><\/p>\n<p style=\"margin-bottom: 0cm; text-align: center;\"><img loading=\"lazy\" decoding=\"async\" class=\"aligncenter wp-image-831 size-large\" src=\"https:\/\/groeninger-carnevalsverein.de\/wp-content\/uploads\/2012\/12\/IMG_3173-1024x682.jpg\" alt=\"IMG_3173\" width=\"640\" height=\"426\" srcset=\"https:\/\/groeninger-carnevalsverein.de\/wp-content\/uploads\/2012\/12\/IMG_3173-1024x682.jpg 1024w, https:\/\/groeninger-carnevalsverein.de\/wp-content\/uploads\/2012\/12\/IMG_3173-300x200.jpg 300w\" sizes=\"auto, (max-width: 640px) 100vw, 640px\" \/> <img loading=\"lazy\" decoding=\"async\" class=\"aligncenter wp-image-832 size-large\" src=\"https:\/\/groeninger-carnevalsverein.de\/wp-content\/uploads\/2012\/12\/IMG_3147-1024x682.jpg\" alt=\"IMG_3147\" width=\"640\" height=\"426\" srcset=\"https:\/\/groeninger-carnevalsverein.de\/wp-content\/uploads\/2012\/12\/IMG_3147-1024x682.jpg 1024w, https:\/\/groeninger-carnevalsverein.de\/wp-content\/uploads\/2012\/12\/IMG_3147-300x200.jpg 300w\" sizes=\"auto, (max-width: 640px) 100vw, 640px\" \/> <img loading=\"lazy\" decoding=\"async\" class=\"aligncenter wp-image-833 size-large\" src=\"https:\/\/groeninger-carnevalsverein.de\/wp-content\/uploads\/2012\/12\/IMG_3192-1024x682.jpg\" alt=\"IMG_3192\" width=\"640\" height=\"426\" srcset=\"https:\/\/groeninger-carnevalsverein.de\/wp-content\/uploads\/2012\/12\/IMG_3192-1024x682.jpg 1024w, https:\/\/groeninger-carnevalsverein.de\/wp-content\/uploads\/2012\/12\/IMG_3192-300x200.jpg 300w\" sizes=\"auto, (max-width: 640px) 100vw, 640px\" \/> <img loading=\"lazy\" decoding=\"async\" class=\"aligncenter wp-image-834 size-large\" src=\"https:\/\/groeninger-carnevalsverein.de\/wp-content\/uploads\/2012\/12\/IMG_3127-1024x682.jpg\" alt=\"IMG_3127\" width=\"640\" height=\"426\" srcset=\"https:\/\/groeninger-carnevalsverein.de\/wp-content\/uploads\/2012\/12\/IMG_3127-1024x682.jpg 1024w, https:\/\/groeninger-carnevalsverein.de\/wp-content\/uploads\/2012\/12\/IMG_3127-300x200.jpg 300w\" sizes=\"auto, (max-width: 640px) 100vw, 640px\" \/><\/p>\n<p>\u00a0<span style=\"color: #000080;\">Das tolle Programm wird von rund 100 Kindern und ihren Betreuern gestaltet. <\/span><\/p>\n<p style=\"text-align: center;\"><span style=\"color: #ff0000;\"><span style=\"color: #000080;\">alle sind mit Eifer dabei<br \/>\n<\/span><\/span><\/p>\n<p style=\"text-align: center;\"><span style=\"color: #000080;\">\u00a0Als Dankesch\u00f6n f\u00fcr alle Teilnehmer gibt es selbst gebastelte Orden und kleine Pr\u00e4sente.<\/span><\/p>\n<p style=\"text-align: center;\">G<span style=\"color: #ff0000;\"><span style=\"color: #000080;\">anz am Schluss wartet der Elferrat vor der T\u00fcr an bereits angez\u00fcndeten Feuerk\u00f6rben mit Marshmallows auf die kleinen Racker<\/span><\/span><\/p>\n<p style=\"text-align: center;\"><span style=\"color: #ff0000;\"><span style=\"color: #000080;\"><span style=\"color: #000080;\">Der GVC freut sich auf viele Teilnehmer und G\u00e4ste aus nah und fern um einen tollen Nachmittag zu erleben.<\/span><br \/>\n<\/span><\/span><\/p>\n","protected":false},"excerpt":{"rendered":"<p>Kinderkarneval im Kulturhaus Der Gr\u00f6ninger Carnevalsverein (GCV) plant f\u00fcr den 14.01.2018 einen z\u00fcnftigen und bunten Kinderkarneval. Durch das Programm f\u00fchren, Linda Ertmer, Anne Kathrin M\u00f6hring und Birgit Schellhas. In Ihren bunten Kost\u00fcmen bringen sie den Saal, bei Mitmacht\u00e4nzen und Gesang &hellip; <a href=\"https:\/\/groeninger-carnevalsverein.de\/?page_id=604\">Weiterlesen <span class=\"meta-nav\">&rarr;<\/span><\/a><\/p>\n","protected":false},"author":3,"featured_media":0,"parent":0,"menu_order":6,"comment_status":"closed","ping_status":"closed","template":"onecolumn-page.php","meta":{"footnotes":""},"class_list":["post-604","page","type-page","status-publish","hentry"],"_links":{"self":[{"href":"https:\/\/groeninger-carnevalsverein.de\/index.php?rest_route=\/wp\/v2\/pages\/604","targetHints":{"allow":["GET"]}}],"collection":[{"href":"https:\/\/groeninger-carnevalsverein.de\/index.php?rest_route=\/wp\/v2\/pages"}],"about":[{"href":"https:\/\/groeninger-carnevalsverein.de\/index.php?rest_route=\/wp\/v2\/types\/page"}],"author":[{"embeddable":true,"href":"https:\/\/groeninger-carnevalsverein.de\/index.php?rest_route=\/wp\/v2\/users\/3"}],"replies":[{"embeddable":true,"href":"https:\/\/groeninger-carnevalsverein.de\/index.php?rest_route=%2Fwp%2Fv2%2Fcomments&post=604"}],"version-history":[{"count":16,"href":"https:\/\/groeninger-carnevalsverein.de\/index.php?rest_route=\/wp\/v2\/pages\/604\/revisions"}],"predecessor-version":[{"id":1035,"href":"https:\/\/groeninger-carnevalsverein.de\/index.php?rest_route=\/wp\/v2\/pages\/604\/revisions\/1035"}],"wp:attachment":[{"href":"https:\/\/groeninger-carnevalsverein.de\/index.php?rest_route=%2Fwp%2Fv2%2Fmedia&parent=604"}],"curies":[{"name":"wp","href":"https:\/\/api.w.org\/{rel}","templated":true}]}}